{"id":14,"date":"2025-01-22T17:53:07","date_gmt":"2025-01-22T23:53:07","guid":{"rendered":"https:\/\/hcamexico.com\/?page_id=14"},"modified":"2025-01-24T21:55:24","modified_gmt":"2025-01-25T03:55:24","slug":"contacto","status":"publish","type":"page","link":"https:\/\/hcamexico.com\/index.php\/contacto\/","title":{"rendered":"Contacto"},"content":{"rendered":"\n<p><strong>Jalisco<\/strong><br>Av de las Margaritas #149<br>Entre Nardo y Jazm\u00edn<br>Col.Jardines de Tonal\u00e1<br>Tonal\u00e1, Jalisco<br>C.p.45400<\/p>\n\n\n\n<p>Hugo Francisco Ar\u00e9valo Casta\u00f1eda<br><a href=\"mailto:hca@hcamexico.com\">hca@hcamexico.com<\/a><br>(+52 ) 3325727203<\/p>\n\n\n\n<p>Colima<br>Bahia de Santiago 359, <br>Vista Bugambilias<br>Ciudad de Villa de \u00c1lvarez<br>Colima<br>C.P. 28979<br><br>C\u00e9sar Octavio Gait\u00e1n Col\u00edn<br><a href=\"mailto:cgaitan@hcamexico.com\">cgaitan@hcamexico.com<br><\/a>(+52 )312-225-0275<br>(+52 )312-225-0275<\/p>\n\n\n\n<p><\/p>\n\n\n\n<p><strong>Horas<\/strong><br>Lunes a viernes: de 9:00AM a 5:00PM<\/p>\n","protected":false},"excerpt":{"rendered":"<p>JaliscoAv de las Margaritas #149Entre Nardo y Jazm\u00ednCol.Jardines de Tonal\u00e1Tonal\u00e1, JaliscoC.p.45400 Hugo Francisco Ar\u00e9valo Casta\u00f1edahca@hcamexico.com(+52 ) 3325727203 ColimaBahia de Santiago 359, Vista BugambiliasCiudad de Villa de \u00c1lvarezColimaC.P. 28979 C\u00e9sar Octavio Gait\u00e1n Col\u00edncgaitan@hcamexico.com(+52 )312-225-0275(+52 )312-225-0275 HorasLunes a viernes: de 9:00AM a 5:00PM<\/p>\n","protected":false},"author":1,"featured_media":0,"parent":0,"menu_order":0,"comment_status":"closed","ping_status":"closed","template":"","meta":{"footnotes":""},"class_list":["post-14","page","type-page","status-publish","hentry"],"_links":{"self":[{"href":"https:\/\/hcamexico.com\/index.php\/wp-json\/wp\/v2\/pages\/14","targetHints":{"allow":["GET"]}}],"collection":[{"href":"https:\/\/hcamexico.com\/index.php\/wp-json\/wp\/v2\/pages"}],"about":[{"href":"https:\/\/hcamexico.com\/index.php\/wp-json\/wp\/v2\/types\/page"}],"author":[{"embeddable":true,"href":"https:\/\/hcamexico.com\/index.php\/wp-json\/wp\/v2\/users\/1"}],"replies":[{"embeddable":true,"href":"https:\/\/hcamexico.com\/index.php\/wp-json\/wp\/v2\/comments?post=14"}],"version-history":[{"count":4,"href":"https:\/\/hcamexico.com\/index.php\/wp-json\/wp\/v2\/pages\/14\/revisions"}],"predecessor-version":[{"id":129,"href":"https:\/\/hcamexico.com\/index.php\/wp-json\/wp\/v2\/pages\/14\/revisions\/129"}],"wp:attachment":[{"href":"https:\/\/hcamexico.com\/index.php\/wp-json\/wp\/v2\/media?parent=14"}],"curies":[{"name":"wp","href":"https:\/\/api.w.org\/{rel}","templated":true}]}}